{"id":844,"date":"2024-03-18T19:48:40","date_gmt":"2024-03-18T19:48:40","guid":{"rendered":"https:\/\/deltacientifica.com.br\/deltasaude2024\/?page_id=844"},"modified":"2026-03-23T14:54:45","modified_gmt":"2026-03-23T17:54:45","slug":"edital-quero-colaborar","status":"publish","type":"page","link":"https:\/\/deltacientifica.com.br\/deltasaude2026\/edital-quero-colaborar\/","title":{"rendered":"Edital Quero Colaborar"},"content":{"rendered":"\t\t<div data-elementor-type=\"wp-page\" data-elementor-id=\"844\" class=\"elementor elementor-844\" data-elementor-post-type=\"page\">\n\t\t\t\t<div class=\"elementor-element elementor-element-07a781d e-flex e-con-boxed wpr-particle-no wpr-jarallax-no wpr-parallax-no wpr-sticky-section-no e-con e-parent\" data-id=\"07a781d\" data-element_type=\"container\">\n\t\t\t\t\t<div class=\"e-con-inner\">\n\t\t\t\t<div class=\"elementor-element elementor-element-db7ded0 elementor-widget elementor-widget-text-editor\" data-id=\"db7ded0\" data-element_type=\"widget\" data-widget_type=\"text-editor.default\">\n\t\t\t\t<div class=\"elementor-widget-container\">\n\t\t\t\t\t\t\t\t\t<h2 style=\"text-align: center;\">| Edital Quero Colaborar |<\/h2><p style=\"text-align: center;\">Avaliador de Trabalhos \u2013 Palestra &#8211; Curso Livre &#8211; Oficina &#8211; Lan\u00e7amento de Livro<\/p>\t\t\t\t\t\t\t\t<\/div>\n\t\t\t\t<\/div>\n\t\t<div class=\"elementor-element elementor-element-4ead817 e-con-full e-flex wpr-particle-no wpr-jarallax-no wpr-parallax-no wpr-sticky-section-no e-con e-child\" data-id=\"4ead817\" data-element_type=\"container\">\n\t\t\t\t<div class=\"elementor-element elementor-element-8e4e0ca elementor-widget elementor-widget-button\" data-id=\"8e4e0ca\" data-element_type=\"widget\" data-widget_type=\"button.default\">\n\t\t\t\t<div class=\"elementor-widget-container\">\n\t\t\t\t\t\t\t\t\t<div class=\"elementor-button-wrapper\">\n\t\t\t\t\t<a class=\"elementor-button elementor-button-link elementor-size-sm\" href=\"https:\/\/deltacientifica.com.br\/deltasaude2026\/wp-content\/uploads\/2026\/03\/Edital_QueroColaborar_DS26-Assinado.pdf\" target=\"_blank\">\n\t\t\t\t\t\t<span class=\"elementor-button-content-wrapper\">\n\t\t\t\t\t\t\t\t\t<span class=\"elementor-button-text\">Edital - Palestrantes<\/span>\n\t\t\t\t\t<\/span>\n\t\t\t\t\t<\/a>\n\t\t\t\t<\/div>\n\t\t\t\t\t\t\t\t<\/div>\n\t\t\t\t<\/div>\n\t\t\t\t<div class=\"elementor-element elementor-element-aea767e elementor-widget elementor-widget-button\" data-id=\"aea767e\" data-element_type=\"widget\" data-widget_type=\"button.default\">\n\t\t\t\t<div class=\"elementor-widget-container\">\n\t\t\t\t\t\t\t\t\t<div class=\"elementor-button-wrapper\">\n\t\t\t\t\t<a class=\"elementor-button elementor-button-link elementor-size-sm\" href=\"https:\/\/deltacientifica.com.br\/deltasaude2026\/wp-content\/uploads\/2026\/03\/Edital_QueroColaborar_DS26-Assinado.pdf\" target=\"_blank\">\n\t\t\t\t\t\t<span class=\"elementor-button-content-wrapper\">\n\t\t\t\t\t\t\t\t\t<span class=\"elementor-button-text\">Edital -  Avaliadores<\/span>\n\t\t\t\t\t<\/span>\n\t\t\t\t\t<\/a>\n\t\t\t\t<\/div>\n\t\t\t\t\t\t\t\t<\/div>\n\t\t\t\t<\/div>\n\t\t\t\t<\/div>\n\t\t\t\t<div class=\"elementor-element elementor-element-6b1b9ea elementor-widget elementor-widget-html\" data-id=\"6b1b9ea\" data-element_type=\"widget\" data-widget_type=\"html.default\">\n\t\t\t\t<div class=\"elementor-widget-container\">\n\t\t\t\t\t<script src=\"https:\/\/doity.com.br\/js\/box_inscricao.js\" type=\"text\/javascript\"><\/script> <iframe scrolling=\"0\" id=\"iframe-inscricao\" onload=\"iframeResizer(event)\" style=\"width: 100%;height: 500px;border: none;\" src=\"https:\/\/doity.com.br\/quero-colaborar-delta-saude-2026\/passo1?box=1\"> <\/iframe> <p style=\"text-align:center; color:#666672; font-size:14px; font-family:'Open Sans',Helvetica, Arial, sans-serif; font-weight:bolder;\"> Caso n&atilde;o consiga fazer a inscri&ccedil;&atilde;o <a target=\"_blank\" href=\"https:\/\/doity.com.br\/quero-colaborar-delta-saude-2026\">clique aqui <\/a> <\/p>\t\t\t\t<\/div>\n\t\t\t\t<\/div>\n\t\t\t\t\t<\/div>\n\t\t\t\t<\/div>\n\t\t\t\t<\/div>\n\t\t","protected":false},"excerpt":{"rendered":"<p>| Edital Quero Colaborar | Avaliador de Trabalhos \u2013 Palestra &#8211; Curso Livre &#8211; Oficina &#8211; Lan\u00e7amento de Livro Edital &#8211; Palestrantes Edital &#8211; Avaliadores Caso n&atilde;o consiga fazer a inscri&ccedil;&atilde;o clique aqui<\/p>\n","protected":false},"author":2,"featured_media":0,"parent":0,"menu_order":0,"comment_status":"closed","ping_status":"closed","template":"elementor_header_footer","meta":{"footnotes":""},"class_list":["post-844","page","type-page","status-publish","hentry"],"yoast_head":"<!-- This site is optimized with the Yoast SEO plugin v26.4 - https:\/\/yoast.com\/wordpress\/plugins\/seo\/ -->\n<title>Edital Quero Colaborar - Delta Sa\u00fade<\/title>\n<meta name=\"robots\" content=\"index, follow, max-snippet:-1, max-image-preview:large, max-video-preview:-1\" \/>\n<link rel=\"canonical\" href=\"https:\/\/deltacientifica.com.br\/deltasaude2026\/edital-quero-colaborar\/\" \/>\n<meta property=\"og:locale\" content=\"pt_BR\" \/>\n<meta property=\"og:type\" content=\"article\" \/>\n<meta property=\"og:title\" content=\"Edital Quero Colaborar - Delta Sa\u00fade\" \/>\n<meta property=\"og:description\" content=\"| Edital Quero Colaborar | Avaliador de Trabalhos \u2013 Palestra &#8211; Curso Livre &#8211; Oficina &#8211; Lan\u00e7amento de Livro Edital &#8211; Palestrantes Edital &#8211; Avaliadores Caso n&atilde;o consiga fazer a inscri&ccedil;&atilde;o clique aqui\" \/>\n<meta property=\"og:url\" content=\"https:\/\/deltacientifica.com.br\/deltasaude2026\/edital-quero-colaborar\/\" \/>\n<meta property=\"og:site_name\" content=\"Delta Sa\u00fade\" \/>\n<meta property=\"article:modified_time\" content=\"2026-03-23T17:54:45+00:00\" \/>\n<meta name=\"twitter:card\" content=\"summary_large_image\" \/>\n<meta name=\"twitter:label1\" content=\"Est. tempo de leitura\" \/>\n\t<meta name=\"twitter:data1\" content=\"1 minuto\" \/>\n<script type=\"application\/ld+json\" class=\"yoast-schema-graph\">{\"@context\":\"https:\/\/schema.org\",\"@graph\":[{\"@type\":\"WebPage\",\"@id\":\"https:\/\/deltacientifica.com.br\/deltasaude2026\/edital-quero-colaborar\/\",\"url\":\"https:\/\/deltacientifica.com.br\/deltasaude2026\/edital-quero-colaborar\/\",\"name\":\"Edital Quero Colaborar - Delta Sa\u00fade\",\"isPartOf\":{\"@id\":\"https:\/\/deltacientifica.com.br\/deltasaude2026\/#website\"},\"datePublished\":\"2024-03-18T19:48:40+00:00\",\"dateModified\":\"2026-03-23T17:54:45+00:00\",\"breadcrumb\":{\"@id\":\"https:\/\/deltacientifica.com.br\/deltasaude2026\/edital-quero-colaborar\/#breadcrumb\"},\"inLanguage\":\"pt-BR\",\"potentialAction\":[{\"@type\":\"ReadAction\",\"target\":[\"https:\/\/deltacientifica.com.br\/deltasaude2026\/edital-quero-colaborar\/\"]}]},{\"@type\":\"BreadcrumbList\",\"@id\":\"https:\/\/deltacientifica.com.br\/deltasaude2026\/edital-quero-colaborar\/#breadcrumb\",\"itemListElement\":[{\"@type\":\"ListItem\",\"position\":1,\"name\":\"In\u00edcio\",\"item\":\"https:\/\/deltacientifica.com.br\/deltasaude2026\/\"},{\"@type\":\"ListItem\",\"position\":2,\"name\":\"Edital Quero Colaborar\"}]},{\"@type\":\"WebSite\",\"@id\":\"https:\/\/deltacientifica.com.br\/deltasaude2026\/#website\",\"url\":\"https:\/\/deltacientifica.com.br\/deltasaude2026\/\",\"name\":\"Delta Sa\u00fade\",\"description\":\"Congresso Internacional de Sa\u00fade P\u00fablica do Delta do Parna\u00edba\",\"publisher\":{\"@id\":\"https:\/\/deltacientifica.com.br\/deltasaude2026\/#organization\"},\"potentialAction\":[{\"@type\":\"SearchAction\",\"target\":{\"@type\":\"EntryPoint\",\"urlTemplate\":\"https:\/\/deltacientifica.com.br\/deltasaude2026\/?s={search_term_string}\"},\"query-input\":{\"@type\":\"PropertyValueSpecification\",\"valueRequired\":true,\"valueName\":\"search_term_string\"}}],\"inLanguage\":\"pt-BR\"},{\"@type\":\"Organization\",\"@id\":\"https:\/\/deltacientifica.com.br\/deltasaude2026\/#organization\",\"name\":\"Delta Sa\u00fade\",\"url\":\"https:\/\/deltacientifica.com.br\/deltasaude2026\/\",\"logo\":{\"@type\":\"ImageObject\",\"inLanguage\":\"pt-BR\",\"@id\":\"https:\/\/deltacientifica.com.br\/deltasaude2026\/#\/schema\/logo\/image\/\",\"url\":\"https:\/\/deltacientifica.com.br\/deltasaude2026\/wp-content\/uploads\/2023\/10\/Untitled-1.png\",\"contentUrl\":\"https:\/\/deltacientifica.com.br\/deltasaude2026\/wp-content\/uploads\/2023\/10\/Untitled-1.png\",\"width\":1681,\"height\":799,\"caption\":\"Delta Sa\u00fade \"},\"image\":{\"@id\":\"https:\/\/deltacientifica.com.br\/deltasaude2026\/#\/schema\/logo\/image\/\"}}]}<\/script>\n<!-- \/ Yoast SEO plugin. -->","yoast_head_json":{"title":"Edital Quero Colaborar - Delta Sa\u00fade","robots":{"index":"index","follow":"follow","max-snippet":"max-snippet:-1","max-image-preview":"max-image-preview:large","max-video-preview":"max-video-preview:-1"},"canonical":"https:\/\/deltacientifica.com.br\/deltasaude2026\/edital-quero-colaborar\/","og_locale":"pt_BR","og_type":"article","og_title":"Edital Quero Colaborar - Delta Sa\u00fade","og_description":"| Edital Quero Colaborar | Avaliador de Trabalhos \u2013 Palestra &#8211; Curso Livre &#8211; Oficina &#8211; Lan\u00e7amento de Livro Edital &#8211; Palestrantes Edital &#8211; Avaliadores Caso n&atilde;o consiga fazer a inscri&ccedil;&atilde;o clique aqui","og_url":"https:\/\/deltacientifica.com.br\/deltasaude2026\/edital-quero-colaborar\/","og_site_name":"Delta Sa\u00fade","article_modified_time":"2026-03-23T17:54:45+00:00","twitter_card":"summary_large_image","twitter_misc":{"Est. tempo de leitura":"1 minuto"},"schema":{"@context":"https:\/\/schema.org","@graph":[{"@type":"WebPage","@id":"https:\/\/deltacientifica.com.br\/deltasaude2026\/edital-quero-colaborar\/","url":"https:\/\/deltacientifica.com.br\/deltasaude2026\/edital-quero-colaborar\/","name":"Edital Quero Colaborar - Delta Sa\u00fade","isPartOf":{"@id":"https:\/\/deltacientifica.com.br\/deltasaude2026\/#website"},"datePublished":"2024-03-18T19:48:40+00:00","dateModified":"2026-03-23T17:54:45+00:00","breadcrumb":{"@id":"https:\/\/deltacientifica.com.br\/deltasaude2026\/edital-quero-colaborar\/#breadcrumb"},"inLanguage":"pt-BR","potentialAction":[{"@type":"ReadAction","target":["https:\/\/deltacientifica.com.br\/deltasaude2026\/edital-quero-colaborar\/"]}]},{"@type":"BreadcrumbList","@id":"https:\/\/deltacientifica.com.br\/deltasaude2026\/edital-quero-colaborar\/#breadcrumb","itemListElement":[{"@type":"ListItem","position":1,"name":"In\u00edcio","item":"https:\/\/deltacientifica.com.br\/deltasaude2026\/"},{"@type":"ListItem","position":2,"name":"Edital Quero Colaborar"}]},{"@type":"WebSite","@id":"https:\/\/deltacientifica.com.br\/deltasaude2026\/#website","url":"https:\/\/deltacientifica.com.br\/deltasaude2026\/","name":"Delta Sa\u00fade","description":"Congresso Internacional de Sa\u00fade P\u00fablica do Delta do Parna\u00edba","publisher":{"@id":"https:\/\/deltacientifica.com.br\/deltasaude2026\/#organization"},"potentialAction":[{"@type":"SearchAction","target":{"@type":"EntryPoint","urlTemplate":"https:\/\/deltacientifica.com.br\/deltasaude2026\/?s={search_term_string}"},"query-input":{"@type":"PropertyValueSpecification","valueRequired":true,"valueName":"search_term_string"}}],"inLanguage":"pt-BR"},{"@type":"Organization","@id":"https:\/\/deltacientifica.com.br\/deltasaude2026\/#organization","name":"Delta Sa\u00fade","url":"https:\/\/deltacientifica.com.br\/deltasaude2026\/","logo":{"@type":"ImageObject","inLanguage":"pt-BR","@id":"https:\/\/deltacientifica.com.br\/deltasaude2026\/#\/schema\/logo\/image\/","url":"https:\/\/deltacientifica.com.br\/deltasaude2026\/wp-content\/uploads\/2023\/10\/Untitled-1.png","contentUrl":"https:\/\/deltacientifica.com.br\/deltasaude2026\/wp-content\/uploads\/2023\/10\/Untitled-1.png","width":1681,"height":799,"caption":"Delta Sa\u00fade "},"image":{"@id":"https:\/\/deltacientifica.com.br\/deltasaude2026\/#\/schema\/logo\/image\/"}}]}},"_links":{"self":[{"href":"https:\/\/deltacientifica.com.br\/deltasaude2026\/wp-json\/wp\/v2\/pages\/844","targetHints":{"allow":["GET"]}}],"collection":[{"href":"https:\/\/deltacientifica.com.br\/deltasaude2026\/wp-json\/wp\/v2\/pages"}],"about":[{"href":"https:\/\/deltacientifica.com.br\/deltasaude2026\/wp-json\/wp\/v2\/types\/page"}],"author":[{"embeddable":true,"href":"https:\/\/deltacientifica.com.br\/deltasaude2026\/wp-json\/wp\/v2\/users\/2"}],"replies":[{"embeddable":true,"href":"https:\/\/deltacientifica.com.br\/deltasaude2026\/wp-json\/wp\/v2\/comments?post=844"}],"version-history":[{"count":31,"href":"https:\/\/deltacientifica.com.br\/deltasaude2026\/wp-json\/wp\/v2\/pages\/844\/revisions"}],"predecessor-version":[{"id":41855,"href":"https:\/\/deltacientifica.com.br\/deltasaude2026\/wp-json\/wp\/v2\/pages\/844\/revisions\/41855"}],"wp:attachment":[{"href":"https:\/\/deltacientifica.com.br\/deltasaude2026\/wp-json\/wp\/v2\/media?parent=844"}],"curies":[{"name":"wp","href":"https:\/\/api.w.org\/{rel}","templated":true}]}}