{"id":1554,"date":"2024-10-04T15:42:37","date_gmt":"2024-10-04T15:42:37","guid":{"rendered":"https:\/\/deltacientifica.com.br\/copisp2025\/?page_id=1554"},"modified":"2025-06-14T10:48:57","modified_gmt":"2025-06-14T13:48:57","slug":"formulario-inscricao","status":"publish","type":"page","link":"https:\/\/deltacientifica.com.br\/copisp2025\/formulario-inscricao\/","title":{"rendered":"Formul\u00e1rio Inscri\u00e7\u00e3o"},"content":{"rendered":"\t\t<div data-elementor-type=\"wp-page\" data-elementor-id=\"1554\" class=\"elementor elementor-1554\" data-elementor-post-type=\"page\">\n\t\t\t\t<div class=\"elementor-element elementor-element-1307a9ed elementor-hidden-mobile e-flex e-con-boxed wpr-particle-no wpr-jarallax-no wpr-parallax-no wpr-sticky-section-no e-con e-parent\" data-id=\"1307a9ed\" data-element_type=\"container\">\n\t\t\t\t\t<div class=\"e-con-inner\">\n\t\t\t\t<div class=\"elementor-element elementor-element-bc56895 elementor-widget elementor-widget-image\" data-id=\"bc56895\" data-element_type=\"widget\" data-widget_type=\"image.default\">\n\t\t\t\t<div class=\"elementor-widget-container\">\n\t\t\t\t\t\t\t\t\t\t\t\t\t\t\t<img fetchpriority=\"high\" decoding=\"async\" width=\"800\" height=\"253\" src=\"https:\/\/deltacientifica.com.br\/copisp2025\/wp-content\/uploads\/2024\/10\/banner-topo-site-1024x324.png\" class=\"attachment-large size-large wp-image-3249\" alt=\"\" srcset=\"https:\/\/deltacientifica.com.br\/copisp2025\/wp-content\/uploads\/2024\/10\/banner-topo-site-1024x324.png 1024w, https:\/\/deltacientifica.com.br\/copisp2025\/wp-content\/uploads\/2024\/10\/banner-topo-site-300x95.png 300w, https:\/\/deltacientifica.com.br\/copisp2025\/wp-content\/uploads\/2024\/10\/banner-topo-site-768x243.png 768w, https:\/\/deltacientifica.com.br\/copisp2025\/wp-content\/uploads\/2024\/10\/banner-topo-site.png 1536w\" sizes=\"(max-width: 800px) 100vw, 800px\" \/>\t\t\t\t\t\t\t\t\t\t\t\t\t\t\t<\/div>\n\t\t\t\t<\/div>\n\t\t\t\t\t<\/div>\n\t\t\t\t<\/div>\n\t\t<div class=\"elementor-element elementor-element-9733d92 e-flex e-con-boxed wpr-particle-no wpr-jarallax-no wpr-parallax-no wpr-sticky-section-no e-con e-parent\" data-id=\"9733d92\" data-element_type=\"container\">\n\t\t\t\t\t<div class=\"e-con-inner\">\n\t\t\t\t<div class=\"elementor-element elementor-element-0d0db20 elementor-widget elementor-widget-heading\" data-id=\"0d0db20\" data-element_type=\"widget\" data-widget_type=\"heading.default\">\n\t\t\t\t<div class=\"elementor-widget-container\">\n\t\t\t\t\t<h4 class=\"elementor-heading-title elementor-size-default\">Inscreva-se agora no Quarto Lote do COPISP!<\/h4>\t\t\t\t<\/div>\n\t\t\t\t<\/div>\n\t\t\t\t<div class=\"elementor-element elementor-element-9799883 elementor-widget elementor-widget-text-editor\" data-id=\"9799883\" data-element_type=\"widget\" data-widget_type=\"text-editor.default\">\n\t\t\t\t<div class=\"elementor-widget-container\">\n\t\t\t\t\t\t\t\t\t<script src=\"https:\/\/doity.com.br\/js\/box_inscricao.js\" type=\"text\/javascript\"><\/script> <iframe id=\"iframe-inscricao\" style=\"width: 100%; height: 800px; border: none;\" src=\"https:\/\/doity.com.br\/copisp2025\/passo1?box=1\" scrolling=\"0\"> <\/iframe>\n<p style=\"text-align: center; color: #666672; font-size: 14px; font-family: 'Open Sans',Helvetica, Arial, sans-serif; font-weight: bolder;\">Caso n\u00e3o consiga fazer a inscri\u00e7\u00e3o <a href=\"https:\/\/doity.com.br\/copisp2025\" target=\"_blank\" rel=\"noopener\">clique aqui <\/a><\/p>\t\t\t\t\t\t\t\t<\/div>\n\t\t\t\t<\/div>\n\t\t\t\t\t<\/div>\n\t\t\t\t<\/div>\n\t\t\t\t<\/div>\n\t\t","protected":false},"excerpt":{"rendered":"<p>Inscreva-se agora no Quarto Lote do COPISP! Caso n\u00e3o consiga fazer a inscri\u00e7\u00e3o clique aqui<\/p>\n","protected":false},"author":1,"featured_media":0,"parent":0,"menu_order":0,"comment_status":"closed","ping_status":"closed","template":"elementor_header_footer","meta":{"footnotes":""},"class_list":["post-1554","page","type-page","status-publish","hentry"],"yoast_head":"<!-- This site is optimized with the Yoast SEO plugin v26.0 - https:\/\/yoast.com\/wordpress\/plugins\/seo\/ -->\n<title>Formul\u00e1rio Inscri\u00e7\u00e3o -<\/title>\n<meta name=\"robots\" content=\"index, follow, max-snippet:-1, max-image-preview:large, max-video-preview:-1\" \/>\n<link rel=\"canonical\" href=\"https:\/\/deltacientifica.com.br\/copisp2025\/formulario-inscricao\/\" \/>\n<meta property=\"og:locale\" content=\"pt_BR\" \/>\n<meta property=\"og:type\" content=\"article\" \/>\n<meta property=\"og:title\" content=\"Formul\u00e1rio Inscri\u00e7\u00e3o -\" \/>\n<meta property=\"og:description\" content=\"Inscreva-se agora no Quarto Lote do COPISP! Caso n\u00e3o consiga fazer a inscri\u00e7\u00e3o clique aqui\" \/>\n<meta property=\"og:url\" content=\"https:\/\/deltacientifica.com.br\/copisp2025\/formulario-inscricao\/\" \/>\n<meta property=\"article:modified_time\" content=\"2025-06-14T13:48:57+00:00\" \/>\n<meta property=\"og:image\" content=\"https:\/\/deltacientifica.com.br\/copisp2025\/wp-content\/uploads\/2024\/10\/banner-topo-site.png\" \/>\n\t<meta property=\"og:image:width\" content=\"1536\" \/>\n\t<meta property=\"og:image:height\" content=\"486\" \/>\n\t<meta property=\"og:image:type\" content=\"image\/png\" \/>\n<meta name=\"twitter:card\" content=\"summary_large_image\" \/>\n<meta name=\"twitter:label1\" content=\"Est. tempo de leitura\" \/>\n\t<meta name=\"twitter:data1\" content=\"1 minuto\" \/>\n<script type=\"application\/ld+json\" class=\"yoast-schema-graph\">{\"@context\":\"https:\/\/schema.org\",\"@graph\":[{\"@type\":\"WebPage\",\"@id\":\"https:\/\/deltacientifica.com.br\/copisp2025\/formulario-inscricao\/\",\"url\":\"https:\/\/deltacientifica.com.br\/copisp2025\/formulario-inscricao\/\",\"name\":\"Formul\u00e1rio Inscri\u00e7\u00e3o -\",\"isPartOf\":{\"@id\":\"https:\/\/deltacientifica.com.br\/copisp2025\/#website\"},\"primaryImageOfPage\":{\"@id\":\"https:\/\/deltacientifica.com.br\/copisp2025\/formulario-inscricao\/#primaryimage\"},\"image\":{\"@id\":\"https:\/\/deltacientifica.com.br\/copisp2025\/formulario-inscricao\/#primaryimage\"},\"thumbnailUrl\":\"https:\/\/deltacientifica.com.br\/copisp2025\/wp-content\/uploads\/2024\/10\/banner-topo-site-1024x324.png\",\"datePublished\":\"2024-10-04T15:42:37+00:00\",\"dateModified\":\"2025-06-14T13:48:57+00:00\",\"breadcrumb\":{\"@id\":\"https:\/\/deltacientifica.com.br\/copisp2025\/formulario-inscricao\/#breadcrumb\"},\"inLanguage\":\"pt-BR\",\"potentialAction\":[{\"@type\":\"ReadAction\",\"target\":[\"https:\/\/deltacientifica.com.br\/copisp2025\/formulario-inscricao\/\"]}]},{\"@type\":\"ImageObject\",\"inLanguage\":\"pt-BR\",\"@id\":\"https:\/\/deltacientifica.com.br\/copisp2025\/formulario-inscricao\/#primaryimage\",\"url\":\"https:\/\/deltacientifica.com.br\/copisp2025\/wp-content\/uploads\/2024\/10\/banner-topo-site.png\",\"contentUrl\":\"https:\/\/deltacientifica.com.br\/copisp2025\/wp-content\/uploads\/2024\/10\/banner-topo-site.png\",\"width\":1536,\"height\":486},{\"@type\":\"BreadcrumbList\",\"@id\":\"https:\/\/deltacientifica.com.br\/copisp2025\/formulario-inscricao\/#breadcrumb\",\"itemListElement\":[{\"@type\":\"ListItem\",\"position\":1,\"name\":\"In\u00edcio\",\"item\":\"https:\/\/deltacientifica.com.br\/copisp2025\/\"},{\"@type\":\"ListItem\",\"position\":2,\"name\":\"Formul\u00e1rio Inscri\u00e7\u00e3o\"}]},{\"@type\":\"WebSite\",\"@id\":\"https:\/\/deltacientifica.com.br\/copisp2025\/#website\",\"url\":\"https:\/\/deltacientifica.com.br\/copisp2025\/\",\"name\":\"\",\"description\":\"Congresso Internacional de Sa\u00fade P\u00fablica do Delta do Parna\u00edba\",\"potentialAction\":[{\"@type\":\"SearchAction\",\"target\":{\"@type\":\"EntryPoint\",\"urlTemplate\":\"https:\/\/deltacientifica.com.br\/copisp2025\/?s={search_term_string}\"},\"query-input\":{\"@type\":\"PropertyValueSpecification\",\"valueRequired\":true,\"valueName\":\"search_term_string\"}}],\"inLanguage\":\"pt-BR\"}]}<\/script>\n<!-- \/ Yoast SEO plugin. -->","yoast_head_json":{"title":"Formul\u00e1rio Inscri\u00e7\u00e3o -","robots":{"index":"index","follow":"follow","max-snippet":"max-snippet:-1","max-image-preview":"max-image-preview:large","max-video-preview":"max-video-preview:-1"},"canonical":"https:\/\/deltacientifica.com.br\/copisp2025\/formulario-inscricao\/","og_locale":"pt_BR","og_type":"article","og_title":"Formul\u00e1rio Inscri\u00e7\u00e3o -","og_description":"Inscreva-se agora no Quarto Lote do COPISP! Caso n\u00e3o consiga fazer a inscri\u00e7\u00e3o clique aqui","og_url":"https:\/\/deltacientifica.com.br\/copisp2025\/formulario-inscricao\/","article_modified_time":"2025-06-14T13:48:57+00:00","og_image":[{"width":1536,"height":486,"url":"https:\/\/deltacientifica.com.br\/copisp2025\/wp-content\/uploads\/2024\/10\/banner-topo-site.png","type":"image\/png"}],"twitter_card":"summary_large_image","twitter_misc":{"Est. tempo de leitura":"1 minuto"},"schema":{"@context":"https:\/\/schema.org","@graph":[{"@type":"WebPage","@id":"https:\/\/deltacientifica.com.br\/copisp2025\/formulario-inscricao\/","url":"https:\/\/deltacientifica.com.br\/copisp2025\/formulario-inscricao\/","name":"Formul\u00e1rio Inscri\u00e7\u00e3o -","isPartOf":{"@id":"https:\/\/deltacientifica.com.br\/copisp2025\/#website"},"primaryImageOfPage":{"@id":"https:\/\/deltacientifica.com.br\/copisp2025\/formulario-inscricao\/#primaryimage"},"image":{"@id":"https:\/\/deltacientifica.com.br\/copisp2025\/formulario-inscricao\/#primaryimage"},"thumbnailUrl":"https:\/\/deltacientifica.com.br\/copisp2025\/wp-content\/uploads\/2024\/10\/banner-topo-site-1024x324.png","datePublished":"2024-10-04T15:42:37+00:00","dateModified":"2025-06-14T13:48:57+00:00","breadcrumb":{"@id":"https:\/\/deltacientifica.com.br\/copisp2025\/formulario-inscricao\/#breadcrumb"},"inLanguage":"pt-BR","potentialAction":[{"@type":"ReadAction","target":["https:\/\/deltacientifica.com.br\/copisp2025\/formulario-inscricao\/"]}]},{"@type":"ImageObject","inLanguage":"pt-BR","@id":"https:\/\/deltacientifica.com.br\/copisp2025\/formulario-inscricao\/#primaryimage","url":"https:\/\/deltacientifica.com.br\/copisp2025\/wp-content\/uploads\/2024\/10\/banner-topo-site.png","contentUrl":"https:\/\/deltacientifica.com.br\/copisp2025\/wp-content\/uploads\/2024\/10\/banner-topo-site.png","width":1536,"height":486},{"@type":"BreadcrumbList","@id":"https:\/\/deltacientifica.com.br\/copisp2025\/formulario-inscricao\/#breadcrumb","itemListElement":[{"@type":"ListItem","position":1,"name":"In\u00edcio","item":"https:\/\/deltacientifica.com.br\/copisp2025\/"},{"@type":"ListItem","position":2,"name":"Formul\u00e1rio Inscri\u00e7\u00e3o"}]},{"@type":"WebSite","@id":"https:\/\/deltacientifica.com.br\/copisp2025\/#website","url":"https:\/\/deltacientifica.com.br\/copisp2025\/","name":"","description":"Congresso Internacional de Sa\u00fade P\u00fablica do Delta do Parna\u00edba","potentialAction":[{"@type":"SearchAction","target":{"@type":"EntryPoint","urlTemplate":"https:\/\/deltacientifica.com.br\/copisp2025\/?s={search_term_string}"},"query-input":{"@type":"PropertyValueSpecification","valueRequired":true,"valueName":"search_term_string"}}],"inLanguage":"pt-BR"}]}},"_links":{"self":[{"href":"https:\/\/deltacientifica.com.br\/copisp2025\/wp-json\/wp\/v2\/pages\/1554","targetHints":{"allow":["GET"]}}],"collection":[{"href":"https:\/\/deltacientifica.com.br\/copisp2025\/wp-json\/wp\/v2\/pages"}],"about":[{"href":"https:\/\/deltacientifica.com.br\/copisp2025\/wp-json\/wp\/v2\/types\/page"}],"author":[{"embeddable":true,"href":"https:\/\/deltacientifica.com.br\/copisp2025\/wp-json\/wp\/v2\/users\/1"}],"replies":[{"embeddable":true,"href":"https:\/\/deltacientifica.com.br\/copisp2025\/wp-json\/wp\/v2\/comments?post=1554"}],"version-history":[{"count":62,"href":"https:\/\/deltacientifica.com.br\/copisp2025\/wp-json\/wp\/v2\/pages\/1554\/revisions"}],"predecessor-version":[{"id":41066,"href":"https:\/\/deltacientifica.com.br\/copisp2025\/wp-json\/wp\/v2\/pages\/1554\/revisions\/41066"}],"wp:attachment":[{"href":"https:\/\/deltacientifica.com.br\/copisp2025\/wp-json\/wp\/v2\/media?parent=1554"}],"curies":[{"name":"wp","href":"https:\/\/api.w.org\/{rel}","templated":true}]}}