{"id":152,"date":"2023-11-09T21:13:00","date_gmt":"2023-11-09T21:13:00","guid":{"rendered":"https:\/\/deltacientifica.com.br\/deltasaude2024\/?page_id=152"},"modified":"2024-11-08T20:22:10","modified_gmt":"2024-11-08T23:22:10","slug":"hospedagem","status":"publish","type":"page","link":"https:\/\/deltacientifica.com.br\/copisp2025\/hospedagem\/","title":{"rendered":"Hospedagem"},"content":{"rendered":"<p>&nbsp;<\/p>\n<p style=\"text-align: center;\"><strong>HOSPEDAGEM COPISP<\/strong><\/p>\n<p>Confira Op\u00e7\u00f5es de Hot\u00e9is e Pousadas Parceiras.<br \/>\nTarifas Especiais para Congressistas!<\/p>\n<p><strong>HOTEL CITI EXECUTIVO<br \/>\n<\/strong>6 Minutos (2,2 km) da UFDPar<br \/>\nEndere\u00e7o: Av. Dep. Pinheiro Machado, 1097 &#8211; Frei Higino,<br \/>\nParna\u00edba &#8211; PI, 64208-335<br \/>\nReservas no Telefone: (86) 3322-4627<\/p>\n<p><strong>HOTEL PORTAL DOS VENTOS<br \/>\n<\/strong>5 Minutos (1,5 km) da UFDPar<br \/>\n<span class=\"w8qArf FoJoyf\">Endere\u00e7o: <\/span><span class=\"LrzXr\">R. Antonio Gutemberg, 160 &#8211; Reis Veloso,<br \/>\nParna\u00edba &#8211; PI, 64204-075<br \/>\n<\/span><span class=\"w8qArf FoJoyf\">Reservas no Telefone: <\/span><span class=\"LrzXr zdqRlf kno-fv\"><span aria-label=\"Ligar para (86) 3323-4989\">(86) <\/span><span aria-label=\"Ligar para (86) 3323-4989\">3323<\/span><span aria-label=\"Ligar para (86) 3323-4989\">&#8211;<\/span><span aria-label=\"Ligar para (86) 3323-4989\">4989<br \/>\n<\/span><\/span>Tarif\u00e1rio Congressista:\u00a0 <strong><a href=\"https:\/\/deltacientifica.com.br\/copisp2025\/wp-content\/uploads\/2024\/11\/tarifario-portal-dos-ventos.pdf\">Consulte AQUI!<\/a><\/strong><\/p>\n<div class=\"wDYxhc\" data-attrid=\"kc:\/local:alt phone\" data-md=\"1006\" data-hveid=\"CDEQAA\" data-ved=\"2ahUKEwiEkp6p2s2JAxVgHLkGHd4UMs4QkCl6BAgxEAA\">\n<div class=\"Z1hOCe\">\n<p><strong>POUSADA DOS VENTOS<br \/>\n<\/strong>2 Minutos (850 m) da UFDPar<br \/>\n<span class=\"w8qArf FoJoyf\">Endere\u00e7o: <\/span><span class=\"LrzXr\">Av. S\u00e3o Sebasti\u00e3o, 2586 &#8211; Pindorama,<br \/>\n<\/span>Parna\u00edba &#8211; PI, 64215-065<br \/>\n<span class=\"w8qArf FoJoyf\">Reservas no Telefone: <\/span><span class=\"LrzXr zdqRlf kno-fv\"><span aria-label=\"Ligar para (86) 99906-2222\">(86) 99906-2222<\/span><\/span><\/p>\n<\/div>\n<\/div>\n","protected":false},"excerpt":{"rendered":"<p>&nbsp; HOSPEDAGEM COPISP Confira Op\u00e7\u00f5es de Hot\u00e9is e Pousadas Parceiras. Tarifas Especiais para Congressistas! HOTEL CITI EXECUTIVO 6 Minutos (2,2 km) da UFDPar Endere\u00e7o: Av. Dep. Pinheiro Machado, 1097 &#8211; Frei Higino, Parna\u00edba &#8211; PI, 64208-335 Reservas no Telefone: (86) 3322-4627 HOTEL PORTAL DOS VENTOS 5 Minutos (1,5 km) da UFDPar Endere\u00e7o: R. Antonio Gutemberg, 160 &#8211; Reis Veloso, Parna\u00edba &#8211; PI, 64204-075 Reservas no Telefone: (86) 3323&#8211;4989 Tarif\u00e1rio Congressista:\u00a0 Consulte AQUI! POUSADA DOS VENTOS 2 Minutos (850 m) da UFDPar Endere\u00e7o: Av. S\u00e3o Sebasti\u00e3o, 2586 &#8211; Pindorama, Parna\u00edba &#8211; PI, 64215-065 Reservas no Telefone: (86) 99906-2222<\/p>\n","protected":false},"author":1,"featured_media":3266,"parent":0,"menu_order":0,"comment_status":"closed","ping_status":"closed","template":"elementor_header_footer","meta":{"footnotes":""},"class_list":["post-152","page","type-page","status-publish","has-post-thumbnail","hentry"],"yoast_head":"<!-- This site is optimized with the Yoast SEO plugin v26.0 - https:\/\/yoast.com\/wordpress\/plugins\/seo\/ -->\n<title>Hospedagem -<\/title>\n<meta name=\"description\" content=\"Confira as op\u00e7\u00f5es de hospedagem sugeridas pela comiss\u00e3o organizadora do VI Congresso Internacional de Sa\u00fade P\u00fablica - COPISP 2025 para os dias do evento!\" \/>\n<meta name=\"robots\" content=\"index, follow, max-snippet:-1, max-image-preview:large, max-video-preview:-1\" \/>\n<link rel=\"canonical\" href=\"https:\/\/deltacientifica.com.br\/copisp2025\/hospedagem\/\" \/>\n<meta property=\"og:locale\" content=\"pt_BR\" \/>\n<meta property=\"og:type\" content=\"article\" \/>\n<meta property=\"og:title\" content=\"Hospedagem -\" \/>\n<meta property=\"og:description\" content=\"Confira as op\u00e7\u00f5es de hospedagem sugeridas pela comiss\u00e3o organizadora do VI Congresso Internacional de Sa\u00fade P\u00fablica - COPISP 2025 para os dias do evento!\" \/>\n<meta property=\"og:url\" content=\"https:\/\/deltacientifica.com.br\/copisp2025\/hospedagem\/\" \/>\n<meta property=\"article:modified_time\" content=\"2024-11-08T23:22:10+00:00\" \/>\n<meta property=\"og:image\" content=\"https:\/\/deltacientifica.com.br\/copisp2025\/wp-content\/uploads\/2024\/10\/banner-topo-mobile.png\" \/>\n\t<meta property=\"og:image:width\" content=\"1080\" \/>\n\t<meta property=\"og:image:height\" content=\"1080\" \/>\n\t<meta property=\"og:image:type\" content=\"image\/png\" \/>\n<meta name=\"twitter:card\" content=\"summary_large_image\" \/>\n<meta name=\"twitter:label1\" content=\"Est. tempo de leitura\" \/>\n\t<meta name=\"twitter:data1\" content=\"1 minuto\" \/>\n<script type=\"application\/ld+json\" class=\"yoast-schema-graph\">{\"@context\":\"https:\/\/schema.org\",\"@graph\":[{\"@type\":\"WebPage\",\"@id\":\"https:\/\/deltacientifica.com.br\/copisp2025\/hospedagem\/\",\"url\":\"https:\/\/deltacientifica.com.br\/copisp2025\/hospedagem\/\",\"name\":\"Hospedagem -\",\"isPartOf\":{\"@id\":\"https:\/\/deltacientifica.com.br\/copisp2025\/#website\"},\"primaryImageOfPage\":{\"@id\":\"https:\/\/deltacientifica.com.br\/copisp2025\/hospedagem\/#primaryimage\"},\"image\":{\"@id\":\"https:\/\/deltacientifica.com.br\/copisp2025\/hospedagem\/#primaryimage\"},\"thumbnailUrl\":\"https:\/\/deltacientifica.com.br\/copisp2025\/wp-content\/uploads\/2024\/10\/banner-topo-mobile.png\",\"datePublished\":\"2023-11-09T21:13:00+00:00\",\"dateModified\":\"2024-11-08T23:22:10+00:00\",\"description\":\"Confira as op\u00e7\u00f5es de hospedagem sugeridas pela comiss\u00e3o organizadora do VI Congresso Internacional de Sa\u00fade P\u00fablica - COPISP 2025 para os dias do evento!\",\"breadcrumb\":{\"@id\":\"https:\/\/deltacientifica.com.br\/copisp2025\/hospedagem\/#breadcrumb\"},\"inLanguage\":\"pt-BR\",\"potentialAction\":[{\"@type\":\"ReadAction\",\"target\":[\"https:\/\/deltacientifica.com.br\/copisp2025\/hospedagem\/\"]}]},{\"@type\":\"ImageObject\",\"inLanguage\":\"pt-BR\",\"@id\":\"https:\/\/deltacientifica.com.br\/copisp2025\/hospedagem\/#primaryimage\",\"url\":\"https:\/\/deltacientifica.com.br\/copisp2025\/wp-content\/uploads\/2024\/10\/banner-topo-mobile.png\",\"contentUrl\":\"https:\/\/deltacientifica.com.br\/copisp2025\/wp-content\/uploads\/2024\/10\/banner-topo-mobile.png\",\"width\":1080,\"height\":1080},{\"@type\":\"BreadcrumbList\",\"@id\":\"https:\/\/deltacientifica.com.br\/copisp2025\/hospedagem\/#breadcrumb\",\"itemListElement\":[{\"@type\":\"ListItem\",\"position\":1,\"name\":\"In\u00edcio\",\"item\":\"https:\/\/deltacientifica.com.br\/copisp2025\/\"},{\"@type\":\"ListItem\",\"position\":2,\"name\":\"Hospedagem\"}]},{\"@type\":\"WebSite\",\"@id\":\"https:\/\/deltacientifica.com.br\/copisp2025\/#website\",\"url\":\"https:\/\/deltacientifica.com.br\/copisp2025\/\",\"name\":\"\",\"description\":\"Congresso Internacional de Sa\u00fade P\u00fablica do Delta do Parna\u00edba\",\"potentialAction\":[{\"@type\":\"SearchAction\",\"target\":{\"@type\":\"EntryPoint\",\"urlTemplate\":\"https:\/\/deltacientifica.com.br\/copisp2025\/?s={search_term_string}\"},\"query-input\":{\"@type\":\"PropertyValueSpecification\",\"valueRequired\":true,\"valueName\":\"search_term_string\"}}],\"inLanguage\":\"pt-BR\"}]}<\/script>\n<!-- \/ Yoast SEO plugin. -->","yoast_head_json":{"title":"Hospedagem -","description":"Confira as op\u00e7\u00f5es de hospedagem sugeridas pela comiss\u00e3o organizadora do VI Congresso Internacional de Sa\u00fade P\u00fablica - COPISP 2025 para os dias do evento!","robots":{"index":"index","follow":"follow","max-snippet":"max-snippet:-1","max-image-preview":"max-image-preview:large","max-video-preview":"max-video-preview:-1"},"canonical":"https:\/\/deltacientifica.com.br\/copisp2025\/hospedagem\/","og_locale":"pt_BR","og_type":"article","og_title":"Hospedagem -","og_description":"Confira as op\u00e7\u00f5es de hospedagem sugeridas pela comiss\u00e3o organizadora do VI Congresso Internacional de Sa\u00fade P\u00fablica - COPISP 2025 para os dias do evento!","og_url":"https:\/\/deltacientifica.com.br\/copisp2025\/hospedagem\/","article_modified_time":"2024-11-08T23:22:10+00:00","og_image":[{"width":1080,"height":1080,"url":"https:\/\/deltacientifica.com.br\/copisp2025\/wp-content\/uploads\/2024\/10\/banner-topo-mobile.png","type":"image\/png"}],"twitter_card":"summary_large_image","twitter_misc":{"Est. tempo de leitura":"1 minuto"},"schema":{"@context":"https:\/\/schema.org","@graph":[{"@type":"WebPage","@id":"https:\/\/deltacientifica.com.br\/copisp2025\/hospedagem\/","url":"https:\/\/deltacientifica.com.br\/copisp2025\/hospedagem\/","name":"Hospedagem -","isPartOf":{"@id":"https:\/\/deltacientifica.com.br\/copisp2025\/#website"},"primaryImageOfPage":{"@id":"https:\/\/deltacientifica.com.br\/copisp2025\/hospedagem\/#primaryimage"},"image":{"@id":"https:\/\/deltacientifica.com.br\/copisp2025\/hospedagem\/#primaryimage"},"thumbnailUrl":"https:\/\/deltacientifica.com.br\/copisp2025\/wp-content\/uploads\/2024\/10\/banner-topo-mobile.png","datePublished":"2023-11-09T21:13:00+00:00","dateModified":"2024-11-08T23:22:10+00:00","description":"Confira as op\u00e7\u00f5es de hospedagem sugeridas pela comiss\u00e3o organizadora do VI Congresso Internacional de Sa\u00fade P\u00fablica - COPISP 2025 para os dias do evento!","breadcrumb":{"@id":"https:\/\/deltacientifica.com.br\/copisp2025\/hospedagem\/#breadcrumb"},"inLanguage":"pt-BR","potentialAction":[{"@type":"ReadAction","target":["https:\/\/deltacientifica.com.br\/copisp2025\/hospedagem\/"]}]},{"@type":"ImageObject","inLanguage":"pt-BR","@id":"https:\/\/deltacientifica.com.br\/copisp2025\/hospedagem\/#primaryimage","url":"https:\/\/deltacientifica.com.br\/copisp2025\/wp-content\/uploads\/2024\/10\/banner-topo-mobile.png","contentUrl":"https:\/\/deltacientifica.com.br\/copisp2025\/wp-content\/uploads\/2024\/10\/banner-topo-mobile.png","width":1080,"height":1080},{"@type":"BreadcrumbList","@id":"https:\/\/deltacientifica.com.br\/copisp2025\/hospedagem\/#breadcrumb","itemListElement":[{"@type":"ListItem","position":1,"name":"In\u00edcio","item":"https:\/\/deltacientifica.com.br\/copisp2025\/"},{"@type":"ListItem","position":2,"name":"Hospedagem"}]},{"@type":"WebSite","@id":"https:\/\/deltacientifica.com.br\/copisp2025\/#website","url":"https:\/\/deltacientifica.com.br\/copisp2025\/","name":"","description":"Congresso Internacional de Sa\u00fade P\u00fablica do Delta do Parna\u00edba","potentialAction":[{"@type":"SearchAction","target":{"@type":"EntryPoint","urlTemplate":"https:\/\/deltacientifica.com.br\/copisp2025\/?s={search_term_string}"},"query-input":{"@type":"PropertyValueSpecification","valueRequired":true,"valueName":"search_term_string"}}],"inLanguage":"pt-BR"}]}},"_links":{"self":[{"href":"https:\/\/deltacientifica.com.br\/copisp2025\/wp-json\/wp\/v2\/pages\/152","targetHints":{"allow":["GET"]}}],"collection":[{"href":"https:\/\/deltacientifica.com.br\/copisp2025\/wp-json\/wp\/v2\/pages"}],"about":[{"href":"https:\/\/deltacientifica.com.br\/copisp2025\/wp-json\/wp\/v2\/types\/page"}],"author":[{"embeddable":true,"href":"https:\/\/deltacientifica.com.br\/copisp2025\/wp-json\/wp\/v2\/users\/1"}],"replies":[{"embeddable":true,"href":"https:\/\/deltacientifica.com.br\/copisp2025\/wp-json\/wp\/v2\/comments?post=152"}],"version-history":[{"count":11,"href":"https:\/\/deltacientifica.com.br\/copisp2025\/wp-json\/wp\/v2\/pages\/152\/revisions"}],"predecessor-version":[{"id":21857,"href":"https:\/\/deltacientifica.com.br\/copisp2025\/wp-json\/wp\/v2\/pages\/152\/revisions\/21857"}],"wp:featuredmedia":[{"embeddable":true,"href":"https:\/\/deltacientifica.com.br\/copisp2025\/wp-json\/wp\/v2\/media\/3266"}],"wp:attachment":[{"href":"https:\/\/deltacientifica.com.br\/copisp2025\/wp-json\/wp\/v2\/media?parent=152"}],"curies":[{"name":"wp","href":"https:\/\/api.w.org\/{rel}","templated":true}]}}